{"id":10,"date":"2026-02-14T14:06:01","date_gmt":"2026-02-14T13:06:01","guid":{"rendered":"https:\/\/florian-portal.com\/?page_id=10"},"modified":"2026-03-20T07:45:32","modified_gmt":"2026-03-20T06:45:32","slug":"impressum","status":"publish","type":"page","link":"http:\/\/florian-portal.com\/index.php\/impressum\/","title":{"rendered":"Impressum"},"content":{"rendered":"\n<p>Angaben gem\u00e4\u00df \u00a7 5 TMG<\/p>\n\n\n\n<p>Florian Portal UG<br>Vertreten durch: Gesch\u00e4ftsf\u00fchrer Paul Me\u00dfner<\/p>\n\n\n\n<p>Anschrift:<br>Goethestra\u00dfe 29<br>72149 Neustetten<br>Deutschland<\/p>\n\n\n\n<p>Telefon: <br>E-Mail: kontakt@florian-portal.com<\/p>\n\n\n\n<p>Registereintrag:<br>Handelsregister: Amtsgericht Stuttgart <br>Registernummer: HRB 804527<\/p>\n\n\n\n<p>Umsatzsteuer-ID gem\u00e4\u00df \u00a7 27a UStG:<br>DEXXXXXXXXX<\/p>\n\n\n\n<p>Verantwortlich f\u00fcr den Inhalt nach \u00a7 55 Abs. 2 RStV:<br>Paul Me\u00dfner<br>Goethestra\u00dfe 29 <br>72149 Neustetten<\/p>\n\n\n\n<p><\/p>\n","protected":false},"excerpt":{"rendered":"<p>Angaben gem\u00e4\u00df \u00a7 5 TMG Florian Portal UGVertreten durch: Gesch\u00e4ftsf\u00fchrer Paul Me\u00dfner Anschrift:Goethestra\u00dfe 2972149 NeustettenDeutschland Telefon: E-Mail: kontakt@florian-portal.com Registereintrag:Handelsregister: Amtsgericht Stuttgart Registernummer: HRB 804527 Umsatzsteuer-ID gem\u00e4\u00df \u00a7 27a UStG:DEXXXXXXXXX Verantwortlich f\u00fcr den Inhalt nach \u00a7 55 Abs. 2 RStV:Paul Me\u00dfnerGoethestra\u00dfe 29 72149 Neustetten<\/p>\n","protected":false},"author":1,"featured_media":0,"parent":0,"menu_order":0,"comment_status":"closed","ping_status":"closed","template":"page-with-title","meta":{"footnotes":""},"class_list":["post-10","page","type-page","status-publish","hentry"],"_links":{"self":[{"href":"http:\/\/florian-portal.com\/index.php\/wp-json\/wp\/v2\/pages\/10","targetHints":{"allow":["GET"]}}],"collection":[{"href":"http:\/\/florian-portal.com\/index.php\/wp-json\/wp\/v2\/pages"}],"about":[{"href":"http:\/\/florian-portal.com\/index.php\/wp-json\/wp\/v2\/types\/page"}],"author":[{"embeddable":true,"href":"http:\/\/florian-portal.com\/index.php\/wp-json\/wp\/v2\/users\/1"}],"replies":[{"embeddable":true,"href":"http:\/\/florian-portal.com\/index.php\/wp-json\/wp\/v2\/comments?post=10"}],"version-history":[{"count":2,"href":"http:\/\/florian-portal.com\/index.php\/wp-json\/wp\/v2\/pages\/10\/revisions"}],"predecessor-version":[{"id":210,"href":"http:\/\/florian-portal.com\/index.php\/wp-json\/wp\/v2\/pages\/10\/revisions\/210"}],"wp:attachment":[{"href":"http:\/\/florian-portal.com\/index.php\/wp-json\/wp\/v2\/media?parent=10"}],"curies":[{"name":"wp","href":"https:\/\/api.w.org\/{rel}","templated":true}]}}